{"id":1001,"date":"2025-06-16T15:32:32","date_gmt":"2025-06-16T13:32:32","guid":{"rendered":"https:\/\/gelateriamito.com\/?page_id=1001"},"modified":"2025-07-16T12:18:59","modified_gmt":"2025-07-16T10:18:59","slug":"solete-repsol","status":"publish","type":"page","link":"https:\/\/gelateriamito.com\/en\/solete-repsol\/","title":{"rendered":"Repsol Solete"},"content":{"rendered":"\t\t<div data-elementor-type=\"wp-page\" data-elementor-id=\"1001\" class=\"elementor elementor-1001\" data-elementor-post-type=\"page\">\n\t\t\t\t\t\t<section class=\"elementor-section elementor-top-section elementor-element elementor-element-a0e69aa elementor-section-boxed elementor-section-height-default elementor-section-height-default\" data-id=\"a0e69aa\" data-element_type=\"section\" data-e-type=\"section\">\n\t\t\t\t\t\t<div class=\"elementor-container elementor-column-gap-default\">\n\t\t\t\t\t<div class=\"elementor-column elementor-col-100 elementor-top-column elementor-element elementor-element-2b16b79\" data-id=\"2b16b79\" data-element_type=\"column\" data-e-type=\"column\">\n\t\t\t<div class=\"elementor-widget-wrap elementor-element-populated\">\n\t\t\t\t\t\t<div class=\"elementor-element elementor-element-75b593f elementor-widget__width-initial elementor-widget elementor-widget-heading\" data-id=\"75b593f\" data-element_type=\"widget\" data-e-type=\"widget\" data-settings=\"{&quot;motion_fx_motion_fx_scrolling&quot;:&quot;yes&quot;,&quot;motion_fx_devices&quot;:[&quot;desktop&quot;,&quot;tablet&quot;,&quot;mobile&quot;]}\" data-widget_type=\"heading.default\">\n\t\t\t\t<div class=\"elementor-widget-container\">\n\t\t\t\t\t<h2 class=\"elementor-heading-title elementor-size-default\">Solete Repsol<\/h2>\t\t\t\t<\/div>\n\t\t\t\t<\/div>\n\t\t\t\t<div class=\"elementor-element elementor-element-b0582d2 elementor-widget elementor-widget-spacer\" data-id=\"b0582d2\" data-element_type=\"widget\" data-e-type=\"widget\" data-widget_type=\"spacer.default\">\n\t\t\t\t<div class=\"elementor-widget-container\">\n\t\t\t\t\t\t\t<div class=\"elementor-spacer\">\n\t\t\t<div class=\"elementor-spacer-inner\"><\/div>\n\t\t<\/div>\n\t\t\t\t\t\t<\/div>\n\t\t\t\t<\/div>\n\t\t\t\t<div class=\"elementor-element elementor-element-0bda160 elementor-widget elementor-widget-image\" data-id=\"0bda160\" data-element_type=\"widget\" data-e-type=\"widget\" data-widget_type=\"image.default\">\n\t\t\t\t<div class=\"elementor-widget-container\">\n\t\t\t\t\t\t\t\t\t\t\t\t\t\t\t<img fetchpriority=\"high\" decoding=\"async\" width=\"1215\" height=\"810\" src=\"https:\/\/gelateriamito.com\/wp-content\/uploads\/2025\/06\/Puedes-ver-nuestra-ficha-oficial-aqui-Gelateria-MITO-en-Guia-Repsol-\u2013-Solete-2024.jpg\" class=\"attachment-full size-full wp-image-1063\" alt=\"\" srcset=\"https:\/\/gelateriamito.com\/wp-content\/uploads\/2025\/06\/Puedes-ver-nuestra-ficha-oficial-aqui-Gelateria-MITO-en-Guia-Repsol-\u2013-Solete-2024.jpg 1215w, https:\/\/gelateriamito.com\/wp-content\/uploads\/2025\/06\/Puedes-ver-nuestra-ficha-oficial-aqui-Gelateria-MITO-en-Guia-Repsol-\u2013-Solete-2024-300x200.jpg 300w, https:\/\/gelateriamito.com\/wp-content\/uploads\/2025\/06\/Puedes-ver-nuestra-ficha-oficial-aqui-Gelateria-MITO-en-Guia-Repsol-\u2013-Solete-2024-1024x683.jpg 1024w, https:\/\/gelateriamito.com\/wp-content\/uploads\/2025\/06\/Puedes-ver-nuestra-ficha-oficial-aqui-Gelateria-MITO-en-Guia-Repsol-\u2013-Solete-2024-768x512.jpg 768w, https:\/\/gelateriamito.com\/wp-content\/uploads\/2025\/06\/Puedes-ver-nuestra-ficha-oficial-aqui-Gelateria-MITO-en-Guia-Repsol-\u2013-Solete-2024-18x12.jpg 18w\" sizes=\"(max-width: 1215px) 100vw, 1215px\" \/>\t\t\t\t\t\t\t\t\t\t\t\t\t\t\t<\/div>\n\t\t\t\t<\/div>\n\t\t\t\t<div class=\"elementor-element elementor-element-37cd6cd elementor-widget elementor-widget-text-editor\" data-id=\"37cd6cd\" data-element_type=\"widget\" data-e-type=\"widget\" data-widget_type=\"text-editor.default\">\n\t\t\t\t<div class=\"elementor-widget-container\">\n\t\t\t\t\t\t\t\t\t<p><span style=\"font-weight: 500;\">En Gelateria MITO estamos de enhorabuena: la Gu\u00eda Repsol nos ha concedido un Solete, su distintivo para reconocer a los locales con encanto que destacan por su propuesta aut\u00e9ntica y de calidad. Este reconocimiento nos sit\u00faa entre las mejores helader\u00edas de Sevilla, y nos anima a seguir trabajando con pasi\u00f3n en cada detalle.<\/span><\/p><p><span style=\"font-weight: 500;\">Los Soletes Repsol premian a aquellos lugares que no solo ofrecen buen producto, sino tambi\u00e9n una experiencia genuina, cercana y diferente. En nuestro caso, por apostar por un helado artesanal, con sabores de verdad, ingredientes frescos y una elaboraci\u00f3n cuidada al m\u00e1ximo.<\/span><\/p><h3><span style=\"font-weight: 500;\">\u00bfPor qu\u00e9 Gelateria MITO ha sido reconocida?<\/span><\/h3><p><span style=\"font-weight: 500;\">Porque hacemos helado artesanal en Sevilla como nadie. Porque cuidamos el producto desde su origen hasta que llega al cucurucho o la tarrina. Y porque creemos que un buen helado no necesita aditivos, solo respeto por la materia prima y mucho amor por el oficio.<\/span><\/p><p><span style=\"font-weight: 500;\">Y lo mejor de todo es que nuestros clientes lo saben. Cada d\u00eda nos eligen, nos recomiendan y nos colocan en los primeros puestos de las helader\u00edas mejor valoradas de Sevilla. El Solete es, en parte, suyo tambi\u00e9n.<\/span><\/p><h3><span style=\"font-weight: 500;\">Una historia curiosa (y con mucho sabor)<\/span><\/h3><p><span style=\"font-weight: 500;\">\u00bfSab\u00edas que Gelateria MITO llam\u00f3 la atenci\u00f3n de la Gu\u00eda Repsol gracias a una gran cocinera sevillana? Fue Camila Robert, chef de Sobretablas y galardonada con un Sol Repsol, quien nos recomend\u00f3 personalmente. Su reconocimiento a nuestro trabajo fue clave para que la gu\u00eda viniera a visitarnos. Que una profesional como Camila nos se\u00f1alara como parada obligatoria para un buen helado en Sevilla es, sin duda, un orgullo enorme.<\/span><\/p>\t\t\t\t\t\t\t\t<\/div>\n\t\t\t\t<\/div>\n\t\t\t\t<div class=\"elementor-element elementor-element-deb224a elementor-widget elementor-widget-text-editor\" data-id=\"deb224a\" data-element_type=\"widget\" data-e-type=\"widget\" data-widget_type=\"text-editor.default\">\n\t\t\t\t<div class=\"elementor-widget-container\">\n\t\t\t\t\t\t\t\t\t<p>Puedes ver nuestra ficha oficial aqu\u00ed:<\/p><p>\ud83d\udc49 <a href=\"https:\/\/www.guiarepsol.com\/es\/fichas\/solete\/mito-333039\/\">Gelateria MITO en Gu\u00eda Repsol \u2013 Solete 2024<\/a><\/p>\t\t\t\t\t\t\t\t<\/div>\n\t\t\t\t<\/div>\n\t\t\t\t\t<\/div>\n\t\t<\/div>\n\t\t\t\t\t<\/div>\n\t\t<\/section>\n\t\t\t\t<\/div>\n\t\t","protected":false},"excerpt":{"rendered":"<p>Solete Repsol En Gelateria MITO estamos de enhorabuena: la Gu\u00eda Repsol nos ha concedido un Solete, su distintivo para reconocer a los locales con encanto que destacan por su propuesta aut\u00e9ntica y de calidad. Este reconocimiento nos sit\u00faa entre las mejores helader\u00edas de Sevilla, y nos anima a seguir trabajando con pasi\u00f3n en cada detalle. [&hellip;]<\/p>\n","protected":false},"author":5,"featured_media":0,"parent":0,"menu_order":0,"comment_status":"closed","ping_status":"closed","template":"","meta":{"footnotes":""},"class_list":["post-1001","page","type-page","status-publish","hentry"],"yoast_head":"<!-- This site is optimized with the Yoast SEO plugin v27.3 - https:\/\/yoast.com\/product\/yoast-seo-wordpress\/ -->\n<title>Solete Repsol - Gelateria Mito<\/title>\n<meta name=\"robots\" content=\"index, follow, max-snippet:-1, max-image-preview:large, max-video-preview:-1\" \/>\n<link rel=\"canonical\" href=\"https:\/\/gelateriamito.com\/en\/solete-repsol\/\" \/>\n<meta property=\"og:locale\" content=\"en_GB\" \/>\n<meta property=\"og:type\" content=\"article\" \/>\n<meta property=\"og:title\" content=\"Solete Repsol - Gelateria Mito\" \/>\n<meta property=\"og:description\" content=\"Solete Repsol En Gelateria MITO estamos de enhorabuena: la Gu\u00eda Repsol nos ha concedido un Solete, su distintivo para reconocer a los locales con encanto que destacan por su propuesta aut\u00e9ntica y de calidad. Este reconocimiento nos sit\u00faa entre las mejores helader\u00edas de Sevilla, y nos anima a seguir trabajando con pasi\u00f3n en cada detalle. [&hellip;]\" \/>\n<meta property=\"og:url\" content=\"https:\/\/gelateriamito.com\/en\/solete-repsol\/\" \/>\n<meta property=\"og:site_name\" content=\"Gelateria Mito\" \/>\n<meta property=\"article:modified_time\" content=\"2025-07-16T10:18:59+00:00\" \/>\n<meta name=\"twitter:card\" content=\"summary_large_image\" \/>\n<meta name=\"twitter:label1\" content=\"Estimated reading time\" \/>\n\t<meta name=\"twitter:data1\" content=\"2 minutes\" \/>\n<script type=\"application\/ld+json\" class=\"yoast-schema-graph\">{\"@context\":\"https:\\\/\\\/schema.org\",\"@graph\":[{\"@type\":\"WebPage\",\"@id\":\"https:\\\/\\\/gelateriamito.com\\\/solete-repsol\\\/\",\"url\":\"https:\\\/\\\/gelateriamito.com\\\/solete-repsol\\\/\",\"name\":\"Solete Repsol - Gelateria Mito\",\"isPartOf\":{\"@id\":\"https:\\\/\\\/gelateriamito.com\\\/#website\"},\"datePublished\":\"2025-06-16T13:32:32+00:00\",\"dateModified\":\"2025-07-16T10:18:59+00:00\",\"breadcrumb\":{\"@id\":\"https:\\\/\\\/gelateriamito.com\\\/solete-repsol\\\/#breadcrumb\"},\"inLanguage\":\"en-GB\",\"potentialAction\":[{\"@type\":\"ReadAction\",\"target\":[\"https:\\\/\\\/gelateriamito.com\\\/solete-repsol\\\/\"]}]},{\"@type\":\"BreadcrumbList\",\"@id\":\"https:\\\/\\\/gelateriamito.com\\\/solete-repsol\\\/#breadcrumb\",\"itemListElement\":[{\"@type\":\"ListItem\",\"position\":1,\"name\":\"Home\",\"item\":\"https:\\\/\\\/gelateriamito.com\\\/\"},{\"@type\":\"ListItem\",\"position\":2,\"name\":\"Solete Repsol\"}]},{\"@type\":\"WebSite\",\"@id\":\"https:\\\/\\\/gelateriamito.com\\\/#website\",\"url\":\"https:\\\/\\\/gelateriamito.com\\\/\",\"name\":\"Gelateria Mito\",\"description\":\"Gelato aut\u00e9nticamente italiano\",\"publisher\":{\"@id\":\"https:\\\/\\\/gelateriamito.com\\\/#organization\"},\"potentialAction\":[{\"@type\":\"SearchAction\",\"target\":{\"@type\":\"EntryPoint\",\"urlTemplate\":\"https:\\\/\\\/gelateriamito.com\\\/?s={search_term_string}\"},\"query-input\":{\"@type\":\"PropertyValueSpecification\",\"valueRequired\":true,\"valueName\":\"search_term_string\"}}],\"inLanguage\":\"en-GB\"},{\"@type\":\"Organization\",\"@id\":\"https:\\\/\\\/gelateriamito.com\\\/#organization\",\"name\":\"Gelateria Mito\",\"url\":\"https:\\\/\\\/gelateriamito.com\\\/\",\"logo\":{\"@type\":\"ImageObject\",\"inLanguage\":\"en-GB\",\"@id\":\"https:\\\/\\\/gelateriamito.com\\\/#\\\/schema\\\/logo\\\/image\\\/\",\"url\":\"https:\\\/\\\/gelateriamito.com\\\/wp-content\\\/uploads\\\/2023\\\/07\\\/logo-mito.png\",\"contentUrl\":\"https:\\\/\\\/gelateriamito.com\\\/wp-content\\\/uploads\\\/2023\\\/07\\\/logo-mito.png\",\"width\":1709,\"height\":730,\"caption\":\"Gelateria Mito\"},\"image\":{\"@id\":\"https:\\\/\\\/gelateriamito.com\\\/#\\\/schema\\\/logo\\\/image\\\/\"}}]}<\/script>\n<!-- \/ Yoast SEO plugin. -->","yoast_head_json":{"title":"Solete Repsol - Gelateria Mito","robots":{"index":"index","follow":"follow","max-snippet":"max-snippet:-1","max-image-preview":"max-image-preview:large","max-video-preview":"max-video-preview:-1"},"canonical":"https:\/\/gelateriamito.com\/en\/solete-repsol\/","og_locale":"en_GB","og_type":"article","og_title":"Solete Repsol - Gelateria Mito","og_description":"Solete Repsol En Gelateria MITO estamos de enhorabuena: la Gu\u00eda Repsol nos ha concedido un Solete, su distintivo para reconocer a los locales con encanto que destacan por su propuesta aut\u00e9ntica y de calidad. Este reconocimiento nos sit\u00faa entre las mejores helader\u00edas de Sevilla, y nos anima a seguir trabajando con pasi\u00f3n en cada detalle. [&hellip;]","og_url":"https:\/\/gelateriamito.com\/en\/solete-repsol\/","og_site_name":"Gelateria Mito","article_modified_time":"2025-07-16T10:18:59+00:00","twitter_card":"summary_large_image","twitter_misc":{"Estimated reading time":"2 minutes"},"schema":{"@context":"https:\/\/schema.org","@graph":[{"@type":"WebPage","@id":"https:\/\/gelateriamito.com\/solete-repsol\/","url":"https:\/\/gelateriamito.com\/solete-repsol\/","name":"Solete Repsol - Gelateria Mito","isPartOf":{"@id":"https:\/\/gelateriamito.com\/#website"},"datePublished":"2025-06-16T13:32:32+00:00","dateModified":"2025-07-16T10:18:59+00:00","breadcrumb":{"@id":"https:\/\/gelateriamito.com\/solete-repsol\/#breadcrumb"},"inLanguage":"en-GB","potentialAction":[{"@type":"ReadAction","target":["https:\/\/gelateriamito.com\/solete-repsol\/"]}]},{"@type":"BreadcrumbList","@id":"https:\/\/gelateriamito.com\/solete-repsol\/#breadcrumb","itemListElement":[{"@type":"ListItem","position":1,"name":"Home","item":"https:\/\/gelateriamito.com\/"},{"@type":"ListItem","position":2,"name":"Solete Repsol"}]},{"@type":"WebSite","@id":"https:\/\/gelateriamito.com\/#website","url":"https:\/\/gelateriamito.com\/","name":"Gelateria Mito","description":"Authentic Italian Gelato","publisher":{"@id":"https:\/\/gelateriamito.com\/#organization"},"potentialAction":[{"@type":"SearchAction","target":{"@type":"EntryPoint","urlTemplate":"https:\/\/gelateriamito.com\/?s={search_term_string}"},"query-input":{"@type":"PropertyValueSpecification","valueRequired":true,"valueName":"search_term_string"}}],"inLanguage":"en-GB"},{"@type":"Organization","@id":"https:\/\/gelateriamito.com\/#organization","name":"Gelateria Mito","url":"https:\/\/gelateriamito.com\/","logo":{"@type":"ImageObject","inLanguage":"en-GB","@id":"https:\/\/gelateriamito.com\/#\/schema\/logo\/image\/","url":"https:\/\/gelateriamito.com\/wp-content\/uploads\/2023\/07\/logo-mito.png","contentUrl":"https:\/\/gelateriamito.com\/wp-content\/uploads\/2023\/07\/logo-mito.png","width":1709,"height":730,"caption":"Gelateria Mito"},"image":{"@id":"https:\/\/gelateriamito.com\/#\/schema\/logo\/image\/"}}]}},"_links":{"self":[{"href":"https:\/\/gelateriamito.com\/en\/wp-json\/wp\/v2\/pages\/1001","targetHints":{"allow":["GET"]}}],"collection":[{"href":"https:\/\/gelateriamito.com\/en\/wp-json\/wp\/v2\/pages"}],"about":[{"href":"https:\/\/gelateriamito.com\/en\/wp-json\/wp\/v2\/types\/page"}],"author":[{"embeddable":true,"href":"https:\/\/gelateriamito.com\/en\/wp-json\/wp\/v2\/users\/5"}],"replies":[{"embeddable":true,"href":"https:\/\/gelateriamito.com\/en\/wp-json\/wp\/v2\/comments?post=1001"}],"version-history":[{"count":31,"href":"https:\/\/gelateriamito.com\/en\/wp-json\/wp\/v2\/pages\/1001\/revisions"}],"predecessor-version":[{"id":1113,"href":"https:\/\/gelateriamito.com\/en\/wp-json\/wp\/v2\/pages\/1001\/revisions\/1113"}],"wp:attachment":[{"href":"https:\/\/gelateriamito.com\/en\/wp-json\/wp\/v2\/media?parent=1001"}],"curies":[{"name":"wp","href":"https:\/\/api.w.org\/{rel}","templated":true}]}}