{"id":259,"date":"2023-07-21T10:47:15","date_gmt":"2023-07-21T08:47:15","guid":{"rendered":"https:\/\/jumpers.work\/mito\/?page_id=259"},"modified":"2025-06-16T17:46:02","modified_gmt":"2025-06-16T15:46:02","slug":"aviso-legal","status":"publish","type":"page","link":"https:\/\/gelateriamito.com\/en\/aviso-legal\/","title":{"rendered":"Legal Warning"},"content":{"rendered":"\t\t<div data-elementor-type=\"wp-page\" data-elementor-id=\"259\" class=\"elementor elementor-259\" data-elementor-post-type=\"page\">\n\t\t\t\t\t\t<section class=\"elementor-section elementor-top-section elementor-element elementor-element-a0e69aa elementor-section-boxed elementor-section-height-default elementor-section-height-default\" data-id=\"a0e69aa\" data-element_type=\"section\" data-e-type=\"section\">\n\t\t\t\t\t\t<div class=\"elementor-container elementor-column-gap-default\">\n\t\t\t\t\t<div class=\"elementor-column elementor-col-100 elementor-top-column elementor-element elementor-element-2b16b79\" data-id=\"2b16b79\" data-element_type=\"column\" data-e-type=\"column\">\n\t\t\t<div class=\"elementor-widget-wrap elementor-element-populated\">\n\t\t\t\t\t\t<div class=\"elementor-element elementor-element-75b593f elementor-widget__width-initial elementor-widget elementor-widget-heading\" data-id=\"75b593f\" data-element_type=\"widget\" data-e-type=\"widget\" data-settings=\"{&quot;motion_fx_motion_fx_scrolling&quot;:&quot;yes&quot;,&quot;motion_fx_devices&quot;:[&quot;desktop&quot;,&quot;tablet&quot;,&quot;mobile&quot;]}\" data-widget_type=\"heading.default\">\n\t\t\t\t<div class=\"elementor-widget-container\">\n\t\t\t\t\t<h2 class=\"elementor-heading-title elementor-size-default\">Aviso Legal<\/h2>\t\t\t\t<\/div>\n\t\t\t\t<\/div>\n\t\t\t\t<div class=\"elementor-element elementor-element-37cd6cd elementor-widget elementor-widget-text-editor\" data-id=\"37cd6cd\" data-element_type=\"widget\" data-e-type=\"widget\" data-widget_type=\"text-editor.default\">\n\t\t\t\t<div class=\"elementor-widget-container\">\n\t\t\t\t\t\t\t\t\t<p class=\"p1\"><b>INFORMACI\u00d3N GENERAL DEL SITIO WEB<\/b><\/p><p class=\"p3\">En cumplimiento de lo establecido en la Ley 34\/2002, de 11 de Julio, de Servicio de la Sociedad de la informaci\u00f3n y de Comercio Electr\u00f3nico, se informa de los datos de informaci\u00f3n general de este sitio Web:<\/p><p class=\"p3\"><b>Responsable<\/b>: Gelateria MITO S.L.<\/p><p class=\"p5\"><span class=\"s1\"><b>NIF<\/b>: <\/span>B-67696344<\/p><p class=\"p6\"><span class=\"s1\"><b>Direcci\u00f3n<\/b>: <\/span>Avda. Rep\u00fablica Argentina 29B Planta 1 41011 de Sevilla<\/p><p class=\"p7\"><b>E-mail de contacto<\/b>: dpo@lbo.legal<\/p><p class=\"p1\"><b>CONDICIONES GENERALES DE USO DEL SITIO WEB<\/b><\/p><p class=\"p3\"><b>1. Usuarios del Sitio Web<\/b><\/p><p class=\"p3\">El acceso al Sitio Web atribuye a quien lo realiza la condici\u00f3n de usuario, aceptando desde ese mismo momento, plenamente y sin reserva alguna, las presentes condiciones generales.<\/p><p class=\"p3\">La utilizaci\u00f3n de determinados servicios ofrecidos en este Sitio Web se regir\u00e1, adem\u00e1s, por las condiciones particulares previstas en cada caso, que se entender\u00e1n aceptadas por el mero uso de dichos servicios.<\/p><p class=\"p3\"><b>2. Autorizaci\u00f3n<\/b><\/p><p class=\"p3\">Se autoriza a los usuarios la visualizaci\u00f3n, impresi\u00f3n y descarga parcial del contenido del Sitio Web s\u00f3lo y exclusivamente si concurren las siguientes condiciones:<\/p><p class=\"p3\">1. Que sea compatible con los fines del Sitio Web.<\/p><p class=\"p3\">2. Que se realice con el exclusivo \u00e1nimo de obtener la informaci\u00f3n contenida para uso personal y privado. Se proh\u00edbe expresamente su utilizaci\u00f3n con fines comerciales o para su distribuci\u00f3n, comunicaci\u00f3n p\u00fablica, transformaci\u00f3n o descompilaci\u00f3n.<\/p><p class=\"p3\">3. Que ninguno de los contenidos relacionados en el Sitio Web sean modificados.<\/p><p class=\"p3\">4. Que ning\u00fan gr\u00e1fico, icono o imagen disponible en el Sitio Web sea utilizado, copiado o distribuido separadamente del resto de im\u00e1genes que lo acompa\u00f1an.<\/p><p class=\"p3\"><b>3.\u00a0Responsabilidad<\/b><\/p><p class=\"p3\">Tanto el acceso al Sitio Web como el uso no consentido que pueda efectuarse de la informaci\u00f3n contenida en el mismo es de la exclusiva responsabilidad de quien lo realiza.<\/p><p class=\"p3\">Gelateria MITO S.L. no ser\u00e1 responsable en ning\u00fan caso del uso que los usuarios pudieran hacer del Sitio Web o sus contenidos, ni de los da\u00f1os y perjuicios que pudieran derivarse del mismo.<\/p><p class=\"p3\"><b>4. Funcionamiento y disponibilidad del sitio web<\/b><\/p><p class=\"p3\">Gelateria MITO S.L. se reserva la facultad de efectuar, en cualquier momento y sin necesidad de previo aviso, modificaciones y actualizaciones de la informaci\u00f3n contenida en el Sitio Web, de la configuraci\u00f3n y presentaci\u00f3n de \u00e9ste y de las condiciones de acceso.<\/p><p class=\"p3\">Gelateria MITO S.L. no se hace responsable de los errores de seguridad que se puedan producir, ni de los da\u00f1os que puedan causarse al sistema inform\u00e1tico del usuario (hardware y software), o a los ficheros o documentos almacenados en el mismo, como consecuencia de:<\/p><p class=\"p3\">&#8211; La presencia de un virus en el ordenador del usuario que sea utilizado para la conexi\u00f3n a los servicios y contenidos del Sitio Web;<\/p><p class=\"p3\">&#8211; Un mal funcionamiento del navegador;<\/p><p class=\"p3\">&#8211; El uso de versiones no actualizadas.<\/p><p class=\"p3\">Gelateria MITO S.L. no garantiza la ausencia de virus ni de otros elementos en el Sitio Web introducidos por terceros ajenos a Gelateria MITO S.L. que puedan producir alteraciones en los sistemas f\u00edsicos o l\u00f3gicos de los usuarios o en los documentos electr\u00f3nicos y ficheros almacenados en sus sistemas. En consecuencia, Gelateria MITO S.L. no ser\u00e1 responsable de cualesquiera da\u00f1os y perjuicios de toda \u00edndole que pudieran derivarse de la presencia de dichos virus o elementos.<\/p><p class=\"p3\">Gelateria MITO S.L. utiliza diversas medidas de protecci\u00f3n de su Sitio Web contra ataques inform\u00e1ticos de terceros. No obstante, Gelateria MITO S.L. no garantiza que terceros no autorizados puedan tener acceso al tipo de uso del Sitio Web que hace el usuario o a las condiciones, caracter\u00edsticas y circunstancias en las cuales se realiza dicho uso. En consecuencia, Gelateria MITO S.L. no ser\u00e1 en ning\u00fan caso responsable de los da\u00f1os y perjuicios que pudieran derivarse de dicho acceso no autorizado.<\/p><p class=\"p3\">Gelateria MITO S.L. no garantiza la inexistencia de interrupciones o errores en el acceso al Sitio Web o a su contenido, ni que \u00e9ste se encuentre actualizado. Gelateria MITO S.L. llevar\u00e1 a cabo, siempre que no concurran causas que lo hagan imposible o de dif\u00edcil ejecuci\u00f3n y tan pronto tenga noticia de los errores, desconexiones o falta de actualizaci\u00f3n en los contenidos, todas a aquellas labores tendentes a subsanar los errores, restablecer la comunicaci\u00f3n y actualizar los contenidos.<\/p><p class=\"p3\">Gelateria MITO S.L. se reserva el derecho de interrumpir el acceso a su Sitio Web o de cualquiera de sus contenidos en cualquier momento y sin previo aviso.<\/p><p class=\"p3\"><b>5. Contenidos y la calidad del servicio<\/b><\/p><p class=\"p3\">Gelateria MITO S.L. no asume la responsabilidad alguna derivada de los contenidos enlazados en el Sitio Web, siempre que sean ajenos a la misma.<\/p><p class=\"p3\">En el caso de que cualquier usuario, cliente o un tercero, considerara que el contenido o los servicios prestados por las p\u00e1ginas enlazadas son il\u00edcitos o lesionan bienes o derechos del propio usuario, de un cliente o de un tercero susceptibles de indemnizaci\u00f3n, y, en particular, consistan en:<\/p><p class=\"p3\">1. Actividades o contenidos susceptibles de ser considerados delictivos conforme a la normativa penal espa\u00f1ola.<\/p><p class=\"p3\">2. Actividades o contenidos que violen derechos de propiedad intelectual o industrial.<\/p><p class=\"p3\">3. Actividades o contenidos que pongan en peligro el orden p\u00fablico, la investigaci\u00f3n penal, la seguridad p\u00fablica y la defensa nacional.<\/p><p class=\"p3\">4. Actividades o contenidos que pongan en peligro la protecci\u00f3n de la salud p\u00fablica, el respeto a la dignidad de la persona y al principio de no discriminaci\u00f3n, y la protecci\u00f3n de la salud y la infancia.<\/p><p class=\"p3\">Podr\u00e1 ponerlo en conocimiento de Gelateria MITO S.L., no obstante, la recepci\u00f3n de dicha comunicaci\u00f3n no supondr\u00e1 reconocimiento a los efectos de la responsabilidad prevista en el art\u00edculo 17 de la Ley 34\/2002, de 11 de Julio, de Servicio de la Sociedad de la informaci\u00f3n y de Comercio Electr\u00f3nico.<\/p><p class=\"p3\">Gelateria MITO S.L. no se hace responsable de la falta de utilidad o adecuaci\u00f3n para un uso espec\u00edfico del presente Sitio Web. Tampoco se responsabiliza de los da\u00f1os y\/o perjuicios que pueda sufrir el usuario por la falta de veracidad, exactitud, exhaustividad, pertinencia, as\u00ed como de los errores u omisiones de los que pudieran adolecer los contenidos de este Sitio Web, si bien se compromete a verificar y vigilar peri\u00f3dicamente sus contenidos e informaciones.<\/p><p class=\"p3\">Todo enlace de terceros a la p\u00e1gina Web debe serlo a su p\u00e1gina principal, quedando expresamente prohibido los \u201clinks profundos\u201d, el \u201cframing\u201d y cualquier otro aprovechamiento de los contenidos del Sitio Web, a favor de terceros no autorizados.<\/p><p class=\"p3\">A trav\u00e9s del presente Sitio Web el usuario podr\u00e1 acceder a Sitios Web de terceros. La presencia de tales enlaces es meramente informativa, no constituyendo en ning\u00fan caso una invitaci\u00f3n a la contrataci\u00f3n de productos o servicios que se ofrezcan en el Sitio Web de destino. El usuario acceder\u00e1 bajo su exclusiva responsabilidad al contenido y en las condiciones de uso que rijan en los mismos. Gelateria MITO S.L. no se hace responsable, directa o indirectamente, de cualesquiera da\u00f1os y perjuicios causados por el acceso a tales enlaces.<\/p><p class=\"p3\">En caso de que Gelateria MITO S.L. tenga conocimiento efectivo de que la informaci\u00f3n o la actividad a la que se remite desde dichos enlaces es il\u00edcita o constitutiva de delito o puede lesionar bienes o derechos de un tercero susceptibles de indemnizaci\u00f3n, actuar\u00e1 con la diligencia necesaria para suprimir o inutilizar el enlace correspondiente con la mayor brevedad posible.<\/p><p class=\"p3\"><b>6. Propiedad intelectual e industrial<\/b><\/p><p class=\"p3\">Gelateria MITO S.L. es titular de los textos, im\u00e1genes, logos, signos distintivos, sonidos, animaciones, videos, c\u00f3digo fuente, dise\u00f1o, estructura de navegaci\u00f3n, bases de datos y los distintos elementos de software de este Sitio Web, as\u00ed como de los derechos de propiedad industrial e intelectual referidos a los contenidos que en \u00e9l se incluyan.<\/p><p class=\"p3\">El acceso a este sitio web no otorga al usuario ning\u00fan derecho, ni titularidad sobre los derechos de la propiedad intelectual e industrial de los elementos corporativos.<\/p><p class=\"p3\">A los efectos de preservar los posibles derechos de propiedad intelectual o industrial, en el caso de que cualquier usuario o un tercero considere que se ha producido una violaci\u00f3n de sus leg\u00edtimos derechos por la introducci\u00f3n de un determinado contenido en el Sitio Web, deber\u00e1 notificar dicha circunstancia a Gelateria MITO S.L. a la dpo@lbo.legal indicando:<\/p><p class=\"p3\">1. Datos personales del interesado titular de los derechos presuntamente infringidos. Si la reclamaci\u00f3n la presenta un tercero distinto del interesado, deber\u00e1 indicar la representaci\u00f3n con la que act\u00faa.<\/p><p class=\"p3\">2. Indicaci\u00f3n de los contenidos protegidos por los derechos de propiedad intelectual o industrial y su ubicaci\u00f3n en el sitio Web.<\/p><p class=\"p3\">3. Acreditaci\u00f3n de los citados derechos de propiedad intelectual o industrial.<\/p><p class=\"p3\">4. Declaraci\u00f3n expresa en la que el interesado se responsabiliza de la veracidad de las informaciones facilitadas en la notificaci\u00f3n.<\/p><p class=\"p3\">La legitimidad de los derechos de propiedad intelectual o industrial correspondientes a los contenidos aportados por terceros es de su exclusiva responsabilidad.<\/p><p class=\"p3\"><b>7. Pol\u00edtica de privacidad y protecci\u00f3n de datos de car\u00e1cter personal<\/b><\/p><p class=\"p3\">Gelateria MITO S.L. podr\u00eda recabar mediante formularios del Sitio Web datos de car\u00e1cter personal e informaci\u00f3n del usuario para su almacenamiento o utilizaci\u00f3n. En cada uno de los formularios en los que se recaben datos de car\u00e1cter personal el usuario recibir\u00e1 la preceptiva informaci\u00f3n sobre protecci\u00f3n de datos.<\/p><p class=\"p3\">Gelateria MITO S.L. se compromete a tratar los datos de car\u00e1cter personal del usuario de conformidad con lo establecido en la legislaci\u00f3n vigente en materia de protecci\u00f3n de datos. El usuario se compromete a mantener los datos que, en su caso, proporcione debidamente actualizados, siendo responsable de los da\u00f1os y perjuicios ocasionados a consecuencia de la falta de veracidad, exactitud o vigencia de los datos facilitados.<\/p><p class=\"p3\"><b>8. Uso de cookies<\/b><\/p><p class=\"p3\">Las cookies son ficheros de texto enviados al navegador por medio de un servidor Web. El navegador los devuelve sin modificar al servidor reflejando as\u00ed una memoria de eventos anteriores en las transacciones http con la finalidad de registrar las actividades del usuario durante su tiempo de navegaci\u00f3n. Estos archivos contienen una serie de informaci\u00f3n (desde contrase\u00f1as de acceso hasta configuraciones de visualizaci\u00f3n o idioma preferido) sobre la configuraci\u00f3n del Sitio Web con el fin de facilitar su pr\u00f3xima visita, haci\u00e9ndola m\u00e1s eficiente. Las cookies desempe\u00f1an un papel muy importante y contribuyen a tener una mejor experiencia de navegaci\u00f3n para el usuario.<\/p><p class=\"p3\">Los usos de las cookies son generalmente los siguientes:<\/p><p class=\"p3\">1. Llevar el control de usuarios: Cuando, en una p\u00e1gina web, aceptamos la opci\u00f3n de guardar usuario y\/o contrase\u00f1a, esos datos se guardan en una cookie para que no tenga que estar introduci\u00e9ndolas para cada p\u00e1gina del servidor. ya que el protocolo HTTP no tiene la capacidad de almacenar estos datos. Siempre debemos tener en cuenta que lo que se identifica en estos casos es una conexi\u00f3n entre el ordenador y la p\u00e1gina web, no entre una persona determinada y la p\u00e1gina web.<\/p><p class=\"p3\">2. Personalizar el aspecto del sitio Web seg\u00fan las preferencias del usuario. La personalizaci\u00f3n incluye tanto presentaci\u00f3n como funcionalidad.<\/p><p class=\"p3\">3. Acceder a los usuarios que se hayan registrado previamente a las \u00e1reas, servicios, promociones o concursos reservados exclusivamente a ellos sin tener que registrarse en cada visita.<\/p><p class=\"p3\">No obstante, para su utilizaci\u00f3n por parte de Gelateria MITO S.L., el usuario deber\u00e1 de aceptarlas expresamente pinchando sobre la casilla de entendido, del mismo modo podr\u00e1 rechazar su utilizaci\u00f3n. Tambi\u00e9n podr\u00e1 configurar su navegador para ser avisado de la recepci\u00f3n de cookies enviadas por el Sitio Web.<\/p><p class=\"p3\"><b>9. Redes sociales<\/b><\/p><p class=\"p3\">Gelateria MITO S.L. puede tener presencia en redes sociales. El tratamiento de los datos que se lleve a cabo de las personas que se hagan seguidoras en las redes sociales (y\/o realicen cualquier v\u00ednculo o acci\u00f3n de conexi\u00f3n a trav\u00e9s de las redes sociales) de las p\u00e1ginas oficiales Gelateria MITO S.L.se regir\u00e1 por este apartado, as\u00ed como por aquellas condiciones de uso, pol\u00edticas de privacidad y normativas de acceso que pertenezcan a la red social que proceda en cada caso y aceptadas previamente por el usuario.<\/p><p class=\"p3\">Gelateria MITO S.L. tratar\u00e1 sus datos con las finalidades de administrar correctamente su presencia en la red social, inform\u00e1ndole de sus actividades productos o servicios o cualquier otra finalidad que las normativas de las Redes Sociales permitan y se reserva la potestad de retirar, sin previo aviso de la red social corporativa aquellos contenidos inapropiados.<\/p><p class=\"p3\"><b>10. Contacto<\/b><\/p><p class=\"p3\">En caso de cualquier incidencia, duda o consulta relacionada con este Sitio Web o los servicios prestados por Gelateria MITO S.L. puede ponerse en contacto a trav\u00e9s de correo electr\u00f3nico escribiendo al email siguiente dpo@lbo.legal<\/p><p class=\"p3\"><b>11. Legislaci\u00f3n aplicable y jurisdicci\u00f3n<\/b><\/p><p class=\"p3\">Las presentes Condiciones Generales se regir\u00e1n por la legislaci\u00f3n espa\u00f1ola. Los usuarios se someten a la Jurisdicci\u00f3n de los Juzgados y Tribunales de Sevilla para cuantas acciones puedan ejercitarse derivadas de la prestaci\u00f3n del servicio del Sitio Web y de sus servicios y contenidos y sobre la interpretaci\u00f3n, aplicaci\u00f3n y cumplimiento o incumplimiento de lo aqu\u00ed establecido, salvo que el usuario sea consumidor en cuyo caso, el tribunal y legislaci\u00f3n aplicables ser\u00e1n los de su domicilio.<\/p>\t\t\t\t\t\t\t\t<\/div>\n\t\t\t\t<\/div>\n\t\t\t\t\t<\/div>\n\t\t<\/div>\n\t\t\t\t\t<\/div>\n\t\t<\/section>\n\t\t\t\t<\/div>\n\t\t","protected":false},"excerpt":{"rendered":"<p>Aviso Legal INFORMACI\u00d3N GENERAL DEL SITIO WEB En cumplimiento de lo establecido en la Ley 34\/2002, de 11 de Julio, de Servicio de la Sociedad de la informaci\u00f3n y de Comercio Electr\u00f3nico, se informa de los datos de informaci\u00f3n general de este sitio Web: Responsable: Gelateria MITO S.L. NIF: B-67696344 Direcci\u00f3n: Avda. Rep\u00fablica Argentina 29B [&hellip;]<\/p>\n","protected":false},"author":2,"featured_media":0,"parent":0,"menu_order":0,"comment_status":"closed","ping_status":"closed","template":"","meta":{"footnotes":""},"class_list":["post-259","page","type-page","status-publish","hentry"],"yoast_head":"<!-- This site is optimized with the Yoast SEO plugin v27.3 - https:\/\/yoast.com\/product\/yoast-seo-wordpress\/ -->\n<title>Aviso Legal - Gelateria Mito<\/title>\n<meta name=\"robots\" content=\"index, follow, max-snippet:-1, max-image-preview:large, max-video-preview:-1\" \/>\n<link rel=\"canonical\" href=\"https:\/\/gelateriamito.com\/en\/aviso-legal\/\" \/>\n<meta property=\"og:locale\" content=\"en_GB\" \/>\n<meta property=\"og:type\" content=\"article\" \/>\n<meta property=\"og:title\" content=\"Aviso Legal - Gelateria Mito\" \/>\n<meta property=\"og:description\" content=\"Aviso Legal INFORMACI\u00d3N GENERAL DEL SITIO WEB En cumplimiento de lo establecido en la Ley 34\/2002, de 11 de Julio, de Servicio de la Sociedad de la informaci\u00f3n y de Comercio Electr\u00f3nico, se informa de los datos de informaci\u00f3n general de este sitio Web: Responsable: Gelateria MITO S.L. NIF: B-67696344 Direcci\u00f3n: Avda. Rep\u00fablica Argentina 29B [&hellip;]\" \/>\n<meta property=\"og:url\" content=\"https:\/\/gelateriamito.com\/en\/aviso-legal\/\" \/>\n<meta property=\"og:site_name\" content=\"Gelateria Mito\" \/>\n<meta property=\"article:modified_time\" content=\"2025-06-16T15:46:02+00:00\" \/>\n<meta name=\"twitter:card\" content=\"summary_large_image\" \/>\n<meta name=\"twitter:label1\" content=\"Estimated reading time\" \/>\n\t<meta name=\"twitter:data1\" content=\"10 minutes\" \/>\n<script type=\"application\/ld+json\" class=\"yoast-schema-graph\">{\"@context\":\"https:\\\/\\\/schema.org\",\"@graph\":[{\"@type\":\"WebPage\",\"@id\":\"https:\\\/\\\/gelateriamito.com\\\/aviso-legal\\\/\",\"url\":\"https:\\\/\\\/gelateriamito.com\\\/aviso-legal\\\/\",\"name\":\"Aviso Legal - Gelateria Mito\",\"isPartOf\":{\"@id\":\"https:\\\/\\\/gelateriamito.com\\\/#website\"},\"datePublished\":\"2023-07-21T08:47:15+00:00\",\"dateModified\":\"2025-06-16T15:46:02+00:00\",\"breadcrumb\":{\"@id\":\"https:\\\/\\\/gelateriamito.com\\\/aviso-legal\\\/#breadcrumb\"},\"inLanguage\":\"en-GB\",\"potentialAction\":[{\"@type\":\"ReadAction\",\"target\":[\"https:\\\/\\\/gelateriamito.com\\\/aviso-legal\\\/\"]}]},{\"@type\":\"BreadcrumbList\",\"@id\":\"https:\\\/\\\/gelateriamito.com\\\/aviso-legal\\\/#breadcrumb\",\"itemListElement\":[{\"@type\":\"ListItem\",\"position\":1,\"name\":\"Home\",\"item\":\"https:\\\/\\\/gelateriamito.com\\\/\"},{\"@type\":\"ListItem\",\"position\":2,\"name\":\"Aviso Legal\"}]},{\"@type\":\"WebSite\",\"@id\":\"https:\\\/\\\/gelateriamito.com\\\/#website\",\"url\":\"https:\\\/\\\/gelateriamito.com\\\/\",\"name\":\"Gelateria Mito\",\"description\":\"Gelato aut\u00e9nticamente italiano\",\"publisher\":{\"@id\":\"https:\\\/\\\/gelateriamito.com\\\/#organization\"},\"potentialAction\":[{\"@type\":\"SearchAction\",\"target\":{\"@type\":\"EntryPoint\",\"urlTemplate\":\"https:\\\/\\\/gelateriamito.com\\\/?s={search_term_string}\"},\"query-input\":{\"@type\":\"PropertyValueSpecification\",\"valueRequired\":true,\"valueName\":\"search_term_string\"}}],\"inLanguage\":\"en-GB\"},{\"@type\":\"Organization\",\"@id\":\"https:\\\/\\\/gelateriamito.com\\\/#organization\",\"name\":\"Gelateria Mito\",\"url\":\"https:\\\/\\\/gelateriamito.com\\\/\",\"logo\":{\"@type\":\"ImageObject\",\"inLanguage\":\"en-GB\",\"@id\":\"https:\\\/\\\/gelateriamito.com\\\/#\\\/schema\\\/logo\\\/image\\\/\",\"url\":\"https:\\\/\\\/gelateriamito.com\\\/wp-content\\\/uploads\\\/2023\\\/07\\\/logo-mito.png\",\"contentUrl\":\"https:\\\/\\\/gelateriamito.com\\\/wp-content\\\/uploads\\\/2023\\\/07\\\/logo-mito.png\",\"width\":1709,\"height\":730,\"caption\":\"Gelateria Mito\"},\"image\":{\"@id\":\"https:\\\/\\\/gelateriamito.com\\\/#\\\/schema\\\/logo\\\/image\\\/\"}}]}<\/script>\n<!-- \/ Yoast SEO plugin. -->","yoast_head_json":{"title":"Legal Notice - Gelateria Mito","robots":{"index":"index","follow":"follow","max-snippet":"max-snippet:-1","max-image-preview":"max-image-preview:large","max-video-preview":"max-video-preview:-1"},"canonical":"https:\/\/gelateriamito.com\/en\/aviso-legal\/","og_locale":"en_GB","og_type":"article","og_title":"Aviso Legal - Gelateria Mito","og_description":"Aviso Legal INFORMACI\u00d3N GENERAL DEL SITIO WEB En cumplimiento de lo establecido en la Ley 34\/2002, de 11 de Julio, de Servicio de la Sociedad de la informaci\u00f3n y de Comercio Electr\u00f3nico, se informa de los datos de informaci\u00f3n general de este sitio Web: Responsable: Gelateria MITO S.L. NIF: B-67696344 Direcci\u00f3n: Avda. Rep\u00fablica Argentina 29B [&hellip;]","og_url":"https:\/\/gelateriamito.com\/en\/aviso-legal\/","og_site_name":"Gelateria Mito","article_modified_time":"2025-06-16T15:46:02+00:00","twitter_card":"summary_large_image","twitter_misc":{"Estimated reading time":"10 minutes"},"schema":{"@context":"https:\/\/schema.org","@graph":[{"@type":"WebPage","@id":"https:\/\/gelateriamito.com\/aviso-legal\/","url":"https:\/\/gelateriamito.com\/aviso-legal\/","name":"Legal Notice - Gelateria Mito","isPartOf":{"@id":"https:\/\/gelateriamito.com\/#website"},"datePublished":"2023-07-21T08:47:15+00:00","dateModified":"2025-06-16T15:46:02+00:00","breadcrumb":{"@id":"https:\/\/gelateriamito.com\/aviso-legal\/#breadcrumb"},"inLanguage":"en-GB","potentialAction":[{"@type":"ReadAction","target":["https:\/\/gelateriamito.com\/aviso-legal\/"]}]},{"@type":"BreadcrumbList","@id":"https:\/\/gelateriamito.com\/aviso-legal\/#breadcrumb","itemListElement":[{"@type":"ListItem","position":1,"name":"Home","item":"https:\/\/gelateriamito.com\/"},{"@type":"ListItem","position":2,"name":"Aviso Legal"}]},{"@type":"WebSite","@id":"https:\/\/gelateriamito.com\/#website","url":"https:\/\/gelateriamito.com\/","name":"Gelateria Mito","description":"Authentic Italian Gelato","publisher":{"@id":"https:\/\/gelateriamito.com\/#organization"},"potentialAction":[{"@type":"SearchAction","target":{"@type":"EntryPoint","urlTemplate":"https:\/\/gelateriamito.com\/?s={search_term_string}"},"query-input":{"@type":"PropertyValueSpecification","valueRequired":true,"valueName":"search_term_string"}}],"inLanguage":"en-GB"},{"@type":"Organization","@id":"https:\/\/gelateriamito.com\/#organization","name":"Gelateria Mito","url":"https:\/\/gelateriamito.com\/","logo":{"@type":"ImageObject","inLanguage":"en-GB","@id":"https:\/\/gelateriamito.com\/#\/schema\/logo\/image\/","url":"https:\/\/gelateriamito.com\/wp-content\/uploads\/2023\/07\/logo-mito.png","contentUrl":"https:\/\/gelateriamito.com\/wp-content\/uploads\/2023\/07\/logo-mito.png","width":1709,"height":730,"caption":"Gelateria Mito"},"image":{"@id":"https:\/\/gelateriamito.com\/#\/schema\/logo\/image\/"}}]}},"_links":{"self":[{"href":"https:\/\/gelateriamito.com\/en\/wp-json\/wp\/v2\/pages\/259","targetHints":{"allow":["GET"]}}],"collection":[{"href":"https:\/\/gelateriamito.com\/en\/wp-json\/wp\/v2\/pages"}],"about":[{"href":"https:\/\/gelateriamito.com\/en\/wp-json\/wp\/v2\/types\/page"}],"author":[{"embeddable":true,"href":"https:\/\/gelateriamito.com\/en\/wp-json\/wp\/v2\/users\/2"}],"replies":[{"embeddable":true,"href":"https:\/\/gelateriamito.com\/en\/wp-json\/wp\/v2\/comments?post=259"}],"version-history":[{"count":25,"href":"https:\/\/gelateriamito.com\/en\/wp-json\/wp\/v2\/pages\/259\/revisions"}],"predecessor-version":[{"id":1037,"href":"https:\/\/gelateriamito.com\/en\/wp-json\/wp\/v2\/pages\/259\/revisions\/1037"}],"wp:attachment":[{"href":"https:\/\/gelateriamito.com\/en\/wp-json\/wp\/v2\/media?parent=259"}],"curies":[{"name":"wp","href":"https:\/\/api.w.org\/{rel}","templated":true}]}}